{"id":52,"date":"2016-09-13T03:19:16","date_gmt":"2016-09-13T03:19:16","guid":{"rendered":"http:\/\/demo.oceanthemes.net\/modis\/?page_id=52"},"modified":"2019-01-07T21:22:14","modified_gmt":"2019-01-07T20:22:14","slug":"uber-uns","status":"publish","type":"page","link":"https:\/\/www.laserlady-giessen.de\/tr\/uber-uns\/","title":{"rendered":"Hakk\u0131m\u0131zda"},"content":{"rendered":"<p>[vc_row img_halfrow=&#8221;yes&#8221; halfrow_image=&#8221;1014&#8243; img_columns=&#8221;4columns&#8221; img_position=&#8221;imgleft&#8221; bgcolor=&#8221;#eeeeee&#8221; css=&#8221;.vc_custom_1531599640093{background-color: #eeeeee !important;}&#8221;][vc_column offset=&#8221;vc_col-lg-offset-7 vc_col-lg-5 vc_col-md-offset-7 vc_col-md-5&#8243;]\t\n\t<div class=\"padding40\">\n        <h2>Hakk\u0131m\u0131zda            <span class=\"small-border\"><\/span>\n        <\/h2>\n        2014 y\u0131l\u0131ndan itibaren Laserlady lazerepilasyon da kaliteli\u00a0 hizmeti sunmaktad\u0131r.<\/p>\n<p>Lazer uygulamalar\u0131n\u0131 Diodlazerle \u00e7ok ba\u015far\u0131l\u0131 bir \u015fekilde Giessende yap\u0131yoruz.\u00a0 Laserlady\u00a0 e\u015fittir kalite ve profesyonel hizmet. Giessen \u015fehrinde en iyi hizmetin adresi.\u00a0 bunu teyid edip bizimle \u00fccretsiz randevu al\u0131p \u015fahsi bir g\u00f6r\u00fc\u015fme yapabilirsiniz.<\/p>\n<p>    <\/div>\n\n[\/vc_column][\/vc_row][vc_row css=&#8221;.vc_custom_1473750285757{padding-top: 90px !important;padding-bottom: 90px !important;}&#8221;][vc_column][\/vc_column][\/vc_row]<\/p>","protected":false},"excerpt":{"rendered":"<p>[vc_row img_halfrow=&#8221;yes&#8221; halfrow_image=&#8221;1014&#8243; img_columns=&#8221;4columns&#8221; img_position=&#8221;imgleft&#8221; bgcolor=&#8221;#eeeeee&#8221; css=&#8221;.vc_custom_1531599640093{background-color: #eeeeee !important;}&#8221;][vc_column offset=&#8221;vc_col-lg-offset-7 vc_col-lg-5 vc_col-md-offset-7 vc_col-md-5&#8243;][\/vc_column][\/vc_row][vc_row css=&#8221;.vc_custom_1473750285757{padding-top: 90px !important;padding-bottom: 90px !important;}&#8221;][vc_column][\/vc_column][\/vc_row]<\/p>\n","protected":false},"author":1,"featured_media":0,"parent":0,"menu_order":0,"comment_status":"closed","ping_status":"closed","template":"page-templates\/template-fullwidth.php","meta":{"footnotes":""},"class_list":["post-52","page","type-page","status-publish","hentry"],"_links":{"self":[{"href":"https:\/\/www.laserlady-giessen.de\/tr\/wp-json\/wp\/v2\/pages\/52","targetHints":{"allow":["GET"]}}],"collection":[{"href":"https:\/\/www.laserlady-giessen.de\/tr\/wp-json\/wp\/v2\/pages"}],"about":[{"href":"https:\/\/www.laserlady-giessen.de\/tr\/wp-json\/wp\/v2\/types\/page"}],"author":[{"embeddable":true,"href":"https:\/\/www.laserlady-giessen.de\/tr\/wp-json\/wp\/v2\/users\/1"}],"replies":[{"embeddable":true,"href":"https:\/\/www.laserlady-giessen.de\/tr\/wp-json\/wp\/v2\/comments?post=52"}],"version-history":[{"count":0,"href":"https:\/\/www.laserlady-giessen.de\/tr\/wp-json\/wp\/v2\/pages\/52\/revisions"}],"wp:attachment":[{"href":"https:\/\/www.laserlady-giessen.de\/tr\/wp-json\/wp\/v2\/media?parent=52"}],"curies":[{"name":"wp","href":"https:\/\/api.w.org\/{rel}","templated":true}]}}